{"id":2082,"date":"2025-10-31T14:51:07","date_gmt":"2025-10-31T13:51:07","guid":{"rendered":"https:\/\/brinella.it\/le-nostre-ricette\/"},"modified":"2025-12-10T17:10:14","modified_gmt":"2025-12-10T16:10:14","slug":"rezepte","status":"publish","type":"page","link":"https:\/\/brinella.it\/de\/rezepte\/","title":{"rendered":"Rezepte"},"content":{"rendered":"[vc_row type=&#8220;full_width_content&#8220; full_screen_row_position=&#8220;middle&#8220; column_margin=&#8220;default&#8220; column_direction=&#8220;default&#8220; column_direction_tablet=&#8220;default&#8220; column_direction_phone=&#8220;default&#8220; bg_color=&#8220;#06595B&#8220; scene_position=&#8220;center&#8220; top_padding=&#8220;14%&#8220; bottom_padding=&#8220;14%&#8220; top_padding_tablet=&#8220;20%&#8220; bottom_padding_tablet=&#8220;20%&#8220; text_color=&#8220;light&#8220; text_align=&#8220;left&#8220; row_border_radius=&#8220;none&#8220; row_border_radius_applies=&#8220;bg&#8220; row_position_desktop=&#8220;default&#8220; row_position_tablet=&#8220;inherit&#8220; row_position_phone=&#8220;inherit&#8220; overflow=&#8220;visible&#8220; overlay_strength=&#8220;0.3&#8243; gradient_direction=&#8220;left_to_right&#8220; shape_divider_position=&#8220;bottom&#8220; bg_image_animation=&#8220;none&#8220; shape_type=&#8220;&#8220; gradient_type=&#8220;default&#8220;][vc_column column_padding=&#8220;no-extra-padding&#8220; column_padding_tablet=&#8220;inherit&#8220; column_padding_phone=&#8220;inherit&#8220; column_padding_position=&#8220;all&#8220; flex_gap_desktop=&#8220;10px&#8220; column_element_direction_desktop=&#8220;default&#8220; column_element_spacing=&#8220;default&#8220; desktop_text_alignment=&#8220;default&#8220; tablet_text_alignment=&#8220;default&#8220; phone_text_alignment=&#8220;default&#8220; background_color_opacity=&#8220;1&#8243; background_hover_color_opacity=&#8220;1&#8243; column_backdrop_filter=&#8220;none&#8220; column_shadow=&#8220;none&#8220; column_border_radius=&#8220;none&#8220; column_link_target=&#8220;_self&#8220; column_position=&#8220;default&#8220; gradient_direction=&#8220;left_to_right&#8220; overlay_strength=&#8220;0.3&#8243; width=&#8220;1\/1&#8243; tablet_width_inherit=&#8220;default&#8220; animation_type=&#8220;default&#8220; bg_image_animation=&#8220;none&#8220; border_type=&#8220;simple&#8220; column_border_width=&#8220;none&#8220; column_border_style=&#8220;solid&#8220;][vc_row_inner equal_height=&#8220;yes&#8220; column_margin=&#8220;100px&#8220; column_direction=&#8220;default&#8220; column_direction_tablet=&#8220;default&#8220; column_direction_phone=&#8220;default&#8220; bottom_padding=&#8220;5%&#8220; text_align=&#8220;left&#8220; row_position=&#8220;default&#8220; row_position_tablet=&#8220;inherit&#8220; row_position_phone=&#8220;inherit&#8220; overflow=&#8220;visible&#8220; pointer_events=&#8220;all&#8220;][vc_column_inner column_padding=&#8220;no-extra-padding&#8220; column_padding_tablet=&#8220;inherit&#8220; column_padding_phone=&#8220;inherit&#8220; column_padding_position=&#8220;all&#8220; flex_gap_desktop=&#8220;10px&#8220; column_element_direction_desktop=&#8220;default&#8220; column_element_spacing=&#8220;default&#8220; desktop_text_alignment=&#8220;right&#8220; tablet_text_alignment=&#8220;default&#8220; phone_text_alignment=&#8220;default&#8220; background_color_opacity=&#8220;1&#8243; background_hover_color_opacity=&#8220;1&#8243; column_backdrop_filter=&#8220;none&#8220; column_shadow=&#8220;none&#8220; column_border_radius=&#8220;none&#8220; column_link_target=&#8220;_self&#8220; overflow=&#8220;visible&#8220; gradient_direction=&#8220;left_to_right&#8220; overlay_strength=&#8220;0.3&#8243; width=&#8220;1\/2&#8243; tablet_width_inherit=&#8220;default&#8220; animation_type=&#8220;default&#8220; bg_image_animation=&#8220;none&#8220; border_type=&#8220;simple&#8220; column_border_width=&#8220;none&#8220; column_border_style=&#8220;solid&#8220; column_padding_type=&#8220;default&#8220; gradient_type=&#8220;default&#8220;][split_line_heading line_reveal_by_space_text_effect=&#8220;default&#8220; font_style=&#8220;h1&#8243; content_alignment=&#8220;default&#8220; mobile_content_alignment=&#8220;inherit&#8220; animation_type=&#8220;line-reveal-by-space&#8220; link_target=&#8220;_self&#8220; text_content=&#8220;Von der Natur in deine K\u00fcche&#8220; max_width=&#8220;900&#8243; text_direction=&#8220;default&#8220;][\/split_line_heading][split_line_heading line_reveal_by_space_text_effect=&#8220;default&#8220; font_style=&#8220;h3&#8243; content_alignment=&#8220;right&#8220; mobile_content_alignment=&#8220;inherit&#8220; animation_type=&#8220;line-reveal-by-space&#8220; link_target=&#8220;_self&#8220; text_content=&#8220;Kreativit\u00e4t, Einfachheit und Genuss in jedem Rezept&#8220; max_width=&#8220;900&#8243; text_direction=&#8220;default&#8220;][\/split_line_heading][\/vc_column_inner][vc_column_inner column_padding=&#8220;no-extra-padding&#8220; column_padding_tablet=&#8220;inherit&#8220; column_padding_phone=&#8220;inherit&#8220; column_padding_position=&#8220;all&#8220; flex_gap_desktop=&#8220;10px&#8220; column_element_direction_desktop=&#8220;default&#8220; column_element_spacing=&#8220;default&#8220; desktop_text_alignment=&#8220;default&#8220; tablet_text_alignment=&#8220;default&#8220; phone_text_alignment=&#8220;default&#8220; background_color_opacity=&#8220;1&#8243; background_hover_color_opacity=&#8220;1&#8243; column_backdrop_filter=&#8220;none&#8220; column_shadow=&#8220;none&#8220; column_border_radius=&#8220;none&#8220; column_link_target=&#8220;_self&#8220; overflow=&#8220;visible&#8220; gradient_direction=&#8220;left_to_right&#8220; overlay_strength=&#8220;0.3&#8243; width=&#8220;1\/2&#8243; tablet_width_inherit=&#8220;default&#8220; animation_type=&#8220;default&#8220; bg_image_animation=&#8220;none&#8220; border_type=&#8220;simple&#8220; column_border_width=&#8220;none&#8220; column_border_style=&#8220;solid&#8220;][vc_column_text css=&#8220;&#8220; text_direction=&#8220;default&#8220; max_width=&#8220;550&#8243;]\n<p data-start=\"230\" data-end=\"561\">Die Brinella-Rezepte entstehen, um dich zu inspirieren, das Beste der Natur auf den Tisch zu bringen \u2013 mit ehrlichen, immer verf\u00fcgbaren Zutaten. Jede Zubereitung hebt die Frische und den authentischen Geschmack unserer tiefgek\u00fchlten Produkte hervor, die entwickelt wurden, um praktische Anwendung mit hoher Qualit\u00e4t zu verbinden. Von Vorspeisen bis Beilagen, von Hauptgerichten bis Desserts begleiten dich die Brinella-Rezepte Schritt f\u00fcr Schritt mit Einfachheit, Farbe und Geschmack: denn mit guten und nat\u00fcrlichen Zutaten zu kochen ist der ehrlichste Weg, sich selbst \u2013 und die Menschen, die man liebt \u2013 zu verw\u00f6hnen.<\/p>\n[\/vc_column_text][\/vc_column_inner][\/vc_row_inner][nectar_post_grid post_type=&#8220;post&#8220; blog_category=&#8220;all&#8220; blog_starting_category=&#8220;all&#8220; order=&#8220;DESC&#8220; orderby=&#8220;date&#8220; pagination=&#8220;none&#8220; columns=&#8220;3&#8243; columns_tablet=&#8220;default&#8220; columns_phone=&#8220;default&#8220; grid_item_spacing=&#8220;25px&#8220; grid_item_height=&#8220;50vh&#8220; 3_col_masonry_layout=&#8220;default&#8220; image_size=&#8220;large&#8220; image_loading=&#8220;lazy-load&#8220; animation=&#8220;fade-in-from-bottom&#8220; animation_stagger=&#8220;90&#8243; animation_easing=&#8220;default&#8220; heading_tag=&#8220;h4&#8243; heading_tag_render=&#8220;default&#8220; category_position=&#8220;default&#8220; additional_meta_size=&#8220;default&#8220; custom_fields_location=&#8220;before_post_meta&#8220; grid_style=&#8220;content_under_image&#8220; card_design=&#8220;yes&#8220; card_bg_color=&#8220;#F8FFF8&#8243; card_bg_color_hover=&#8220;#FFFFFF&#8220; content_under_image_text_align=&#8220;center&#8220; text_color=&#8220;dark&#8220; hover_effect=&#8220;slow_zoom&#8220; border_radius=&#8220;25px&#8220; shadow_on_hover=&#8220;yes&#8220; card_design_bg_color=&#8220;#00cae8&#8243; posts_per_page=&#8220;15&#8243; display_type=&#8220;grid&#8220;][\/vc_column][\/vc_row]\n","protected":false},"excerpt":{"rendered":"<p>[vc_row type=&#8220;full_width_content&#8220; full_screen_row_position=&#8220;middle&#8220; column_margin=&#8220;default&#8220; column_direction=&#8220;default&#8220; column_direction_tablet=&#8220;default&#8220; column_direction_phone=&#8220;default&#8220; bg_color=&#8220;#06595B&#8220; scene_position=&#8220;center&#8220; top_padding=&#8220;14%&#8220; bottom_padding=&#8220;14%&#8220; top_padding_tablet=&#8220;20%&#8220; bottom_padding_tablet=&#8220;20%&#8220; text_color=&#8220;light&#8220; text_align=&#8220;left&#8220; row_border_radius=&#8220;none&#8220; row_border_radius_applies=&#8220;bg&#8220; row_position_desktop=&#8220;default&#8220; row_position_tablet=&#8220;inherit&#8220; row_position_phone=&#8220;inherit&#8220; overflow=&#8220;visible&#8220; overlay_strength=&#8220;0.3&#8243; gradient_direction=&#8220;left_to_right&#8220; shape_divider_position=&#8220;bottom&#8220; bg_image_animation=&#8220;none&#8220; shape_type=&#8220;&#8220; gradient_type=&#8220;default&#8220;][vc_column column_padding=&#8220;no-extra-padding&#8220; column_padding_tablet=&#8220;inherit&#8220; column_padding_phone=&#8220;inherit&#8220;&#8230;<\/p>\n","protected":false},"author":1,"featured_media":0,"parent":0,"menu_order":0,"comment_status":"closed","ping_status":"closed","template":"","meta":{"inline_featured_image":false,"footnotes":""},"class_list":["post-2082","page","type-page","status-publish"],"_links":{"self":[{"href":"https:\/\/brinella.it\/de\/wp-json\/wp\/v2\/pages\/2082","targetHints":{"allow":["GET"]}}],"collection":[{"href":"https:\/\/brinella.it\/de\/wp-json\/wp\/v2\/pages"}],"about":[{"href":"https:\/\/brinella.it\/de\/wp-json\/wp\/v2\/types\/page"}],"author":[{"embeddable":true,"href":"https:\/\/brinella.it\/de\/wp-json\/wp\/v2\/users\/1"}],"replies":[{"embeddable":true,"href":"https:\/\/brinella.it\/de\/wp-json\/wp\/v2\/comments?post=2082"}],"version-history":[{"count":1,"href":"https:\/\/brinella.it\/de\/wp-json\/wp\/v2\/pages\/2082\/revisions"}],"predecessor-version":[{"id":2083,"href":"https:\/\/brinella.it\/de\/wp-json\/wp\/v2\/pages\/2082\/revisions\/2083"}],"wp:attachment":[{"href":"https:\/\/brinella.it\/de\/wp-json\/wp\/v2\/media?parent=2082"}],"curies":[{"name":"wp","href":"https:\/\/api.w.org\/{rel}","templated":true}]}}