{"id":2087,"date":"2025-10-15T15:11:00","date_gmt":"2025-10-15T13:11:00","guid":{"rendered":"https:\/\/brinella.it\/privacy-policy\/"},"modified":"2025-12-10T15:22:55","modified_gmt":"2025-12-10T14:22:55","slug":"privacy-policy","status":"publish","type":"page","link":"https:\/\/brinella.it\/de\/privacy-policy\/","title":{"rendered":"Privacy Policy"},"content":{"rendered":"[vc_row type=&#8220;in_container&#8220; full_screen_row_position=&#8220;middle&#8220; column_margin=&#8220;default&#8220; column_direction=&#8220;default&#8220; column_direction_tablet=&#8220;default&#8220; column_direction_phone=&#8220;default&#8220; scene_position=&#8220;center&#8220; top_padding=&#8220;5%&#8220; constrain_group_1=&#8220;yes&#8220; bottom_padding=&#8220;5%&#8220; text_color=&#8220;dark&#8220; text_align=&#8220;left&#8220; row_border_radius=&#8220;none&#8220; row_border_radius_applies=&#8220;bg&#8220; overflow=&#8220;visible&#8220; overlay_strength=&#8220;0.3&#8243; gradient_direction=&#8220;left_to_right&#8220; shape_divider_position=&#8220;bottom&#8220; bg_image_animation=&#8220;none&#8220; gradient_type=&#8220;default&#8220; shape_type=&#8220;&#8220;][vc_column column_padding=&#8220;no-extra-padding&#8220; column_padding_tablet=&#8220;inherit&#8220; column_padding_phone=&#8220;inherit&#8220; column_padding_position=&#8220;all&#8220; column_element_direction_desktop=&#8220;default&#8220; column_element_spacing=&#8220;default&#8220; desktop_text_alignment=&#8220;default&#8220; tablet_text_alignment=&#8220;default&#8220; phone_text_alignment=&#8220;default&#8220; background_color_opacity=&#8220;1&#8243; background_hover_color_opacity=&#8220;1&#8243; column_backdrop_filter=&#8220;none&#8220; column_shadow=&#8220;none&#8220; column_border_radius=&#8220;none&#8220; column_link_target=&#8220;_self&#8220; column_position=&#8220;default&#8220; gradient_direction=&#8220;left_to_right&#8220; overlay_strength=&#8220;0.3&#8243; width=&#8220;1\/1&#8243; tablet_width_inherit=&#8220;default&#8220; animation_type=&#8220;default&#8220; bg_image_animation=&#8220;none&#8220; border_type=&#8220;simple&#8220; column_border_width=&#8220;none&#8220; column_border_style=&#8220;solid&#8220;][vc_column_text css=&#8220;&#8220; text_direction=&#8220;default&#8220;]\n<div class=\"iub_header\">\n<p class=\"p1\">Diese Anwendung sammelt bestimmte personenbezogene Daten ihrer Nutzer.<\/p>\n<p class=\"p1\">Dieses Dokument kann \u00fcber die Druckfunktion des Browsers ausgedruckt werden.<\/p>\n<h3><b>Verantwortlicher f\u00fcr die Datenverarbeitung<\/b><\/h3>\n<p class=\"p4\"><b>Andrea Palermo<\/b><b><\/b><\/p>\n<p class=\"p4\"><b>Palimex GmbH<\/b><b><\/b><\/p>\n<p class=\"p1\">Oraziostra\u00dfe 49<\/p>\n<p class=\"p1\">39100 Bozen (Italien)<\/p>\n<p class=\"p1\">MwSt.-Nr.: IT02892040219<\/p>\n<p class=\"p4\"><span class=\"s2\">E-Mail: <\/span><b>info@palimex.it<\/b><b><\/b><\/p>\n<hr \/>\n<h3><b>Arten der erhobenen Daten<\/b><\/h3>\n<p class=\"p1\">Zu den von dieser Anwendung erhobenen personenbezogenen Daten geh\u00f6ren:<\/p>\n<p class=\"p1\">Tracking-Tools, Nutzungsdaten, Name, Nachname, Telefonnummer, E-Mail-Adresse und geografische Position.<\/p>\n<p class=\"p1\">Die Bereitstellung der Daten kann freiwillig durch den Nutzer erfolgen oder automatisch durch die Nutzung der Anwendung. Werden bestimmte Pflichtdaten nicht angegeben, kann dies zur Folge haben, dass der gew\u00fcnschte Dienst nicht bereitgestellt werden kann.<\/p>\n<hr \/>\n<h3><b>Zwecke der Datenverarbeitung<\/b><\/h3>\n<p class=\"p1\">Die Daten werden gesammelt, um dem Verantwortlichen die Erbringung seiner Dienstleistungen zu erm\u00f6glichen, gesetzlichen Verpflichtungen nachzukommen und die folgenden Zwecke zu erf\u00fcllen:<\/p>\n<ul>\n<li>\n<p class=\"p1\">Kontaktaufnahme mit dem Nutzer \u00fcber Formular oder E-Mail<\/p>\n<\/li>\n<li>\n<p class=\"p1\">Verwaltung von Tags und statistische Analysen (z. B. Google Tag Manager, Google Analytics)<\/p>\n<\/li>\n<li>\n<p class=\"p1\">Anzeige von externen Inhalten (z. B. Google Fonts)<\/p>\n<\/li>\n<li>\n<p class=\"p1\">Interaktion mit sozialen Netzwerken (Facebook, LinkedIn)<\/p>\n<\/li>\n<li>\n<p class=\"p1\">Standortbasierte Dienste (z. B. Geolokalisierung)<\/p>\n<\/li>\n<\/ul>\n<p class=\"p1\">Detaillierte Informationen zu den verwendeten Diensten finden Sie in der Cookie-Richtlinie dieser Website.<\/p>\n<hr \/>\n<h3><b>Rechtsgrundlagen der Verarbeitung<\/b><\/h3>\n<p class=\"p1\">Die Verarbeitung personenbezogener Daten erfolgt nur, wenn mindestens eine der folgenden Voraussetzungen gegeben ist:<\/p>\n<ul>\n<li>\n<p class=\"p1\">Der Nutzer hat seine Einwilligung f\u00fcr einen oder mehrere bestimmte Zwecke gegeben;<\/p>\n<\/li>\n<li>\n<p class=\"p1\">Die Verarbeitung ist zur Erf\u00fcllung eines Vertrags oder vorvertraglicher Ma\u00dfnahmen erforderlich;<\/p>\n<\/li>\n<li>\n<p class=\"p1\">Die Verarbeitung ist zur Erf\u00fcllung einer rechtlichen Verpflichtung notwendig;<\/p>\n<\/li>\n<li>\n<p class=\"p1\">Die Verarbeitung dient dem berechtigten Interesse des Verantwortlichen oder eines Dritten.<\/p>\n<\/li>\n<\/ul>\n<hr \/>\n<h3><b>Ort der Verarbeitung<\/b><\/h3>\n<p class=\"p1\">Die Verarbeitung der Daten erfolgt am Sitz des Verantwortlichen in Bozen (Italien) und ggf. bei externen Dienstleistern innerhalb der Europ\u00e4ischen Union. Eine \u00dcbermittlung in Drittl\u00e4nder erfolgt nur unter Einhaltung der geltenden Datenschutzvorschriften und geeigneter Sicherheitsma\u00dfnahmen.<\/p>\n<hr \/>\n<h3><b>Speicherdauer<\/b><\/h3>\n<p class=\"p1\">Die Daten werden so lange gespeichert, wie es zur Erf\u00fcllung der Zwecke notwendig ist, f\u00fcr die sie erhoben wurden, oder bis der Nutzer seine Einwilligung widerruft. Nach Ablauf dieser Frist werden die Daten gel\u00f6scht.<\/p>\n<hr \/>\n<h3><b>Rechte der Nutzer<\/b><\/h3>\n<p class=\"p1\">Nutzer haben das Recht, jederzeit:<\/p>\n<ul>\n<li>\n<p class=\"p1\">Auskunft \u00fcber ihre gespeicherten Daten zu erhalten,<\/p>\n<\/li>\n<li>\n<p class=\"p1\">die Berichtigung unrichtiger Daten zu verlangen,<\/p>\n<\/li>\n<li>\n<p class=\"p1\">die L\u00f6schung oder Einschr\u00e4nkung der Verarbeitung zu fordern,<\/p>\n<\/li>\n<li>\n<p class=\"p1\">der Verarbeitung zu widersprechen,<\/p>\n<\/li>\n<li>\n<p class=\"p1\">ihre Daten in einem strukturierten, maschinenlesbaren Format zu erhalten (Daten\u00fcbertragbarkeit),<\/p>\n<\/li>\n<li>\n<p class=\"p1\">ihre Einwilligung jederzeit zu widerrufen,<\/p>\n<\/li>\n<li>\n<p class=\"p1\">Beschwerde bei der zust\u00e4ndigen Datenschutzbeh\u00f6rde einzulegen.<\/p>\n<\/li>\n<\/ul>\n<p class=\"p1\">Anfragen zur Aus\u00fcbung dieser Rechte k\u00f6nnen an den Verantwortlichen unter <span class=\"s3\"><b>info@palimex.it<\/b><\/span> gerichtet werden.<\/p>\n<hr \/>\n<h3><b>Cookies und Tracking<\/b><\/h3>\n<p class=\"p1\">Diese Anwendung verwendet Cookies und \u00e4hnliche Tracking-Technologien, um die Benutzererfahrung zu verbessern, Statistiken zu erstellen und bestimmte Funktionen bereitzustellen. Weitere Informationen finden Sie in der <span class=\"s3\"><b>Cookie-Richtlinie<\/b><\/span>.<\/p>\n<hr \/>\n<h3><b>\u00c4nderungen dieser Datenschutzerkl\u00e4rung<\/b><\/h3>\n<p class=\"p1\">Der Verantwortliche beh\u00e4lt sich das Recht vor, diese Datenschutzerkl\u00e4rung jederzeit zu \u00e4ndern. \u00c4nderungen werden auf dieser Seite ver\u00f6ffentlicht. Bitte \u00fcberpr\u00fcfen Sie diese regelm\u00e4\u00dfig, um \u00fcber Aktualisierungen informiert zu bleiben.<\/p>\n<hr \/>\n<p class=\"p4\"><b>Letzte Aktualisierung:<\/b><span class=\"s2\"> 20. November 2021<\/span><\/p>\n<\/div>\n[\/vc_column_text][\/vc_column][\/vc_row]\n","protected":false},"excerpt":{"rendered":"<p>[vc_row type=&#8220;in_container&#8220; full_screen_row_position=&#8220;middle&#8220; column_margin=&#8220;default&#8220; column_direction=&#8220;default&#8220; column_direction_tablet=&#8220;default&#8220; column_direction_phone=&#8220;default&#8220; scene_position=&#8220;center&#8220; top_padding=&#8220;5%&#8220; constrain_group_1=&#8220;yes&#8220; bottom_padding=&#8220;5%&#8220; text_color=&#8220;dark&#8220; text_align=&#8220;left&#8220; row_border_radius=&#8220;none&#8220; row_border_radius_applies=&#8220;bg&#8220; overflow=&#8220;visible&#8220; overlay_strength=&#8220;0.3&#8243; gradient_direction=&#8220;left_to_right&#8220; shape_divider_position=&#8220;bottom&#8220; bg_image_animation=&#8220;none&#8220; gradient_type=&#8220;default&#8220; shape_type=&#8220;&#8220;][vc_column column_padding=&#8220;no-extra-padding&#8220; column_padding_tablet=&#8220;inherit&#8220; column_padding_phone=&#8220;inherit&#8220; column_padding_position=&#8220;all&#8220; column_element_direction_desktop=&#8220;default&#8220; column_element_spacing=&#8220;default&#8220; desktop_text_alignment=&#8220;default&#8220; tablet_text_alignment=&#8220;default&#8220;&#8230;<\/p>\n","protected":false},"author":1,"featured_media":0,"parent":0,"menu_order":0,"comment_status":"closed","ping_status":"closed","template":"","meta":{"inline_featured_image":false,"footnotes":""},"class_list":["post-2087","page","type-page","status-publish"],"_links":{"self":[{"href":"https:\/\/brinella.it\/de\/wp-json\/wp\/v2\/pages\/2087","targetHints":{"allow":["GET"]}}],"collection":[{"href":"https:\/\/brinella.it\/de\/wp-json\/wp\/v2\/pages"}],"about":[{"href":"https:\/\/brinella.it\/de\/wp-json\/wp\/v2\/types\/page"}],"author":[{"embeddable":true,"href":"https:\/\/brinella.it\/de\/wp-json\/wp\/v2\/users\/1"}],"replies":[{"embeddable":true,"href":"https:\/\/brinella.it\/de\/wp-json\/wp\/v2\/comments?post=2087"}],"version-history":[{"count":1,"href":"https:\/\/brinella.it\/de\/wp-json\/wp\/v2\/pages\/2087\/revisions"}],"predecessor-version":[{"id":2088,"href":"https:\/\/brinella.it\/de\/wp-json\/wp\/v2\/pages\/2087\/revisions\/2088"}],"wp:attachment":[{"href":"https:\/\/brinella.it\/de\/wp-json\/wp\/v2\/media?parent=2087"}],"curies":[{"name":"wp","href":"https:\/\/api.w.org\/{rel}","templated":true}]}}